{"id":1973,"date":"2024-01-08T14:16:47","date_gmt":"2024-01-08T14:16:47","guid":{"rendered":"https:\/\/www.white-beach-villas.com\/phase-3\/"},"modified":"2024-04-05T13:29:24","modified_gmt":"2024-04-05T12:29:24","slug":"phase-3","status":"publish","type":"page","link":"https:\/\/www.white-beach-villas.com\/de\/phase-3\/","title":{"rendered":"Phase 3"},"content":{"rendered":"\t\t<div data-elementor-type=\"wp-page\" data-elementor-id=\"1973\" class=\"elementor elementor-1973 elementor-1000\" data-elementor-post-type=\"page\">\n\t\t\t\t<div class=\"elementor-element elementor-element-ef1259a e-con-full e-flex e-con e-parent\" data-id=\"ef1259a\" data-element_type=\"container\" data-settings=\"{&quot;background_background&quot;:&quot;classic&quot;}\">\n\t\t\t\t<div class=\"elementor-element elementor-element-edec60a elementor--h-position-right elementor-widget__width-initial elementor--v-position-middle elementor-widget elementor-widget-slides\" data-id=\"edec60a\" data-element_type=\"widget\" data-settings=\"{&quot;navigation&quot;:&quot;none&quot;,&quot;transition&quot;:&quot;fade&quot;,&quot;transition_speed&quot;:1200,&quot;autoplay&quot;:&quot;yes&quot;,&quot;pause_on_hover&quot;:&quot;yes&quot;,&quot;pause_on_interaction&quot;:&quot;yes&quot;,&quot;autoplay_speed&quot;:5000,&quot;infinite&quot;:&quot;yes&quot;}\" data-widget_type=\"slides.default\">\n\t\t\t\t<div class=\"elementor-widget-container\">\n\t\t\t\t\t<div class=\"elementor-swiper\">\n\t\t\t<div class=\"elementor-slides-wrapper elementor-main-swiper swiper\" dir=\"ltr\" data-animation=\"fadeInUp\">\n\t\t\t\t<div class=\"swiper-wrapper elementor-slides\">\n\t\t\t\t\t\t\t\t\t\t<div class=\"elementor-repeater-item-199e00f swiper-slide\"><div class=\"swiper-slide-bg\" role=\"img\"><\/div><div class=\"elementor-background-overlay\"><\/div><div class=\"swiper-slide-inner\" ><div class=\"swiper-slide-contents\"><\/div><\/div><\/div><div class=\"elementor-repeater-item-b0dd113 swiper-slide\"><div class=\"swiper-slide-bg\" role=\"img\"><\/div><div class=\"elementor-background-overlay\"><\/div><div class=\"swiper-slide-inner\" ><div class=\"swiper-slide-contents\"><\/div><\/div><\/div><div class=\"elementor-repeater-item-0e160a2 swiper-slide\"><div class=\"swiper-slide-bg\" role=\"img\"><\/div><div class=\"elementor-background-overlay\"><\/div><div class=\"swiper-slide-inner\" ><div class=\"swiper-slide-contents\"><\/div><\/div><\/div>\t\t\t\t<\/div>\n\t\t\t\t\t\t\t\t\t\t\t\t\t\t\t\t\t\t\t\t\t<\/div>\n\t\t<\/div>\n\t\t\t\t<\/div>\n\t\t\t\t<\/div>\n\t\t\t\t<\/div>\n\t\t<div class=\"elementor-element elementor-element-f33d378 e-con-full e-flex e-con e-parent\" data-id=\"f33d378\" data-element_type=\"container\" data-settings=\"{&quot;background_background&quot;:&quot;classic&quot;}\">\n\t\t\t\t<div class=\"elementor-element elementor-element-512457b elementor-widget__width-initial elementor-widget elementor-widget-heading\" data-id=\"512457b\" data-element_type=\"widget\" data-widget_type=\"heading.default\">\n\t\t\t\t<div class=\"elementor-widget-container\">\n\t\t\t<h2 class=\"elementor-heading-title elementor-size-default\">Phase III<\/h2>\t\t<\/div>\n\t\t\t\t<\/div>\n\t\t\t\t<div class=\"elementor-element elementor-element-2aadc847 elementor-invisible elementor-widget elementor-widget-heading\" data-id=\"2aadc847\" data-element_type=\"widget\" data-settings=\"{&quot;_animation&quot;:&quot;fadeIn&quot;,&quot;_animation_delay&quot;:&quot;400&quot;}\" data-widget_type=\"heading.default\">\n\t\t\t\t<div class=\"elementor-widget-container\">\n\t\t\t<h2 class=\"elementor-heading-title elementor-size-default\">Enth\u00fcllung der neuesten Phase von Luxuswohnungen!<\/h2>\t\t<\/div>\n\t\t\t\t<\/div>\n\t\t\t\t<\/div>\n\t\t<div class=\"elementor-element elementor-element-e3c2530 e-con-full e-flex e-con e-parent\" data-id=\"e3c2530\" data-element_type=\"container\">\n\t\t<div class=\"elementor-element elementor-element-70162b5 e-con-full e-flex e-con e-child\" data-id=\"70162b5\" data-element_type=\"container\">\n\t\t<div class=\"elementor-element elementor-element-8f4535d e-con-full e-flex e-con e-child\" data-id=\"8f4535d\" data-element_type=\"container\">\n\t\t\t\t<div class=\"elementor-element elementor-element-e1a22f1 elementor-widget__width-initial elementor-widget-laptop__width-initial elementor-widget elementor-widget-text-editor\" data-id=\"e1a22f1\" data-element_type=\"widget\" data-widget_type=\"text-editor.default\">\n\t\t\t\t<div class=\"elementor-widget-container\">\n\t\t\t\t\t\t\tWhite Beach Villas freut sich, Phase 3 ank\u00fcndigen zu k\u00f6nnen, die Sam Roi Yot, Thailand, ein neues Niveau des Luxuslebens bringt. Da die Bauarbeiten bereits im Gange sind, hier ein kleiner Einblick:<br><br>\n<ul>\n \t<li style=\"list-style-type: none;\">\n<ul>\n \t<li>Phase 3 B\u00fcro: Unser Zentrum f\u00fcr alles, was mit Phase 3 zu tun hat &#8211; entdecken Sie Villen, lernen Sie unser Team kennen und planen Sie Ihren Traumurlaub am Strand.<\/li>\n<\/ul>\n<\/li>\n<\/ul>\n<ul>\n \t<li style=\"list-style-type: none;\">\n<ul>\n \t<li>Fortschritte bei den Villen: Die ersten Villen der Phase 3 nehmen Gestalt an und versprechen modernes Design, Umweltfreundlichkeit, gro\u00dfz\u00fcgige Grundrisse und Annehmlichkeiten im Resort-Stil. 4 Villen sind im Bau.<\/li>\n<\/ul>\n<\/li>\n<\/ul><br>\nVerpassen Sie nicht die Chance, an diesem K\u00fcstenparadies teilzuhaben. Wir freuen uns darauf, Sie bald begr\u00fc\u00dfen zu d\u00fcrfen!\t\t\t\t\t\t<\/div>\n\t\t\t\t<\/div>\n\t\t\t\t<div class=\"elementor-element elementor-element-84345b9 elementor-widget elementor-widget-spacer\" data-id=\"84345b9\" data-element_type=\"widget\" data-widget_type=\"spacer.default\">\n\t\t\t\t<div class=\"elementor-widget-container\">\n\t\t\t\t\t<div class=\"elementor-spacer\">\n\t\t\t<div class=\"elementor-spacer-inner\"><\/div>\n\t\t<\/div>\n\t\t\t\t<\/div>\n\t\t\t\t<\/div>\n\t\t\t\t<\/div>\n\t\t<div class=\"elementor-element elementor-element-17b1dfc e-con-full e-flex e-con e-child\" data-id=\"17b1dfc\" data-element_type=\"container\" data-settings=\"{&quot;background_background&quot;:&quot;classic&quot;}\">\n\t\t\t\t<div class=\"elementor-element elementor-element-ccaabb3 elementor-align-center elementor-widget elementor-widget-button\" data-id=\"ccaabb3\" data-element_type=\"widget\" data-widget_type=\"button.default\">\n\t\t\t\t<div class=\"elementor-widget-container\">\n\t\t\t\t\t<div class=\"elementor-button-wrapper\">\n\t\t\t<a class=\"elementor-button elementor-button-link elementor-size-sm\" href=\"https:\/\/www.white-beach-villas.com\/wp-content\/uploads\/2024\/01\/Phase-3-master-plan-June-30-2023-copy.pdf\" target=\"_blank\">\n\t\t\t\t\t\t<span class=\"elementor-button-content-wrapper\">\n\t\t\t\t\t\t\t\t\t<span class=\"elementor-button-text\">Masterplan Phase 3 2023<\/span>\n\t\t\t\t\t<\/span>\n\t\t\t\t\t<\/a>\n\t\t<\/div>\n\t\t\t\t<\/div>\n\t\t\t\t<\/div>\n\t\t\t\t<div class=\"elementor-element elementor-element-01d200f elementor-align-center elementor-widget elementor-widget-button\" data-id=\"01d200f\" data-element_type=\"widget\" data-widget_type=\"button.default\">\n\t\t\t\t<div class=\"elementor-widget-container\">\n\t\t\t\t\t<div class=\"elementor-button-wrapper\">\n\t\t\t<a class=\"elementor-button elementor-button-link elementor-size-sm\" href=\"https:\/\/www.white-beach-villas.com\/wp-content\/uploads\/2024\/01\/Phase-3-price-list-White-Beach-Villas.pdf\">\n\t\t\t\t\t\t<span class=\"elementor-button-content-wrapper\">\n\t\t\t\t\t\t\t\t\t<span class=\"elementor-button-text\">Preisliste Phase 3<\/span>\n\t\t\t\t\t<\/span>\n\t\t\t\t\t<\/a>\n\t\t<\/div>\n\t\t\t\t<\/div>\n\t\t\t\t<\/div>\n\t\t\t\t<\/div>\n\t\t\t\t<\/div>\n\t\t\t\t<\/div>\n\t\t<div class=\"elementor-element elementor-element-919df96 appointment e-con-full e-flex e-con e-parent\" data-id=\"919df96\" data-element_type=\"container\" data-settings=\"{&quot;background_background&quot;:&quot;classic&quot;}\">\n\t\t<div class=\"elementor-element elementor-element-4efdc40 e-con-full e-flex e-con e-child\" data-id=\"4efdc40\" data-element_type=\"container\">\n\t\t\t\t<div class=\"elementor-element elementor-element-c0e7031 elementor-invisible elementor-widget elementor-widget-heading\" data-id=\"c0e7031\" data-element_type=\"widget\" data-settings=\"{&quot;_animation&quot;:&quot;fadeIn&quot;}\" data-widget_type=\"heading.default\">\n\t\t\t\t<div class=\"elementor-widget-container\">\n\t\t\t<h2 class=\"elementor-heading-title elementor-size-default\">Werden wir Ihr neues Haus an diesem sch\u00f6nen Ort bauen?<\/h2>\t\t<\/div>\n\t\t\t\t<\/div>\n\t\t\t\t<div class=\"elementor-element elementor-element-a561970 elementor-widget-divider--view-line elementor-invisible elementor-widget elementor-widget-divider\" data-id=\"a561970\" data-element_type=\"widget\" data-settings=\"{&quot;_animation&quot;:&quot;fadeIn&quot;,&quot;_animation_delay&quot;:&quot;200&quot;}\" data-widget_type=\"divider.default\">\n\t\t\t\t<div class=\"elementor-widget-container\">\n\t\t\t\t\t<div class=\"elementor-divider\">\n\t\t\t<span class=\"elementor-divider-separator\">\n\t\t\t\t\t\t<\/span>\n\t\t<\/div>\n\t\t\t\t<\/div>\n\t\t\t\t<\/div>\n\t\t\t\t<div class=\"elementor-element elementor-element-8c7545e elementor-widget elementor-widget-gallery\" data-id=\"8c7545e\" data-element_type=\"widget\" data-settings=\"{&quot;columns&quot;:3,&quot;lazyload&quot;:&quot;yes&quot;,&quot;gallery_layout&quot;:&quot;grid&quot;,&quot;columns_tablet&quot;:2,&quot;columns_mobile&quot;:1,&quot;gap&quot;:{&quot;unit&quot;:&quot;px&quot;,&quot;size&quot;:10,&quot;sizes&quot;:[]},&quot;gap_laptop&quot;:{&quot;unit&quot;:&quot;px&quot;,&quot;size&quot;:10,&quot;sizes&quot;:[]},&quot;gap_tablet&quot;:{&quot;unit&quot;:&quot;px&quot;,&quot;size&quot;:10,&quot;sizes&quot;:[]},&quot;gap_mobile&quot;:{&quot;unit&quot;:&quot;px&quot;,&quot;size&quot;:10,&quot;sizes&quot;:[]},&quot;link_to&quot;:&quot;file&quot;,&quot;aspect_ratio&quot;:&quot;3:2&quot;,&quot;overlay_background&quot;:&quot;yes&quot;,&quot;content_hover_animation&quot;:&quot;fade-in&quot;}\" data-widget_type=\"gallery.default\">\n\t\t\t\t<div class=\"elementor-widget-container\">\n\t\t\t\t\t<div class=\"elementor-gallery__container\">\n\t\t\t\t\t\t\t<a class=\"e-gallery-item elementor-gallery-item elementor-animated-content\" href=\"https:\/\/www.white-beach-villas.com\/wp-content\/uploads\/2024\/03\/1c8abea8-175a-4219-b028-7dd7657b870d.jpeg\" data-elementor-open-lightbox=\"yes\" data-elementor-lightbox-slideshow=\"8c7545e\" data-elementor-lightbox-title=\"1c8abea8-175a-4219-b028-7dd7657b870d\" data-e-action-hash=\"#elementor-action%3Aaction%3Dlightbox%26settings%3DeyJpZCI6MjIzNCwidXJsIjoiaHR0cHM6XC9cL3d3dy53aGl0ZS1iZWFjaC12aWxsYXMuY29tXC93cC1jb250ZW50XC91cGxvYWRzXC8yMDI0XC8wM1wvMWM4YWJlYTgtMTc1YS00MjE5LWIwMjgtN2RkNzY1N2I4NzBkLmpwZWciLCJzbGlkZXNob3ciOiI4Yzc1NDVlIn0%3D\">\n\t\t\t\t\t<div class=\"e-gallery-image elementor-gallery-item__image\" data-thumbnail=\"https:\/\/www.white-beach-villas.com\/wp-content\/uploads\/2024\/03\/1c8abea8-175a-4219-b028-7dd7657b870d.jpeg\" data-width=\"2048\" data-height=\"1152\" aria-label=\"\" role=\"img\" ><\/div>\n\t\t\t\t\t\t\t\t\t\t\t<div class=\"elementor-gallery-item__overlay\"><\/div>\n\t\t\t\t\t\t\t\t\t\t\t\t\t\t<\/a>\n\t\t\t\t\t\t\t<a class=\"e-gallery-item elementor-gallery-item elementor-animated-content\" href=\"https:\/\/www.white-beach-villas.com\/wp-content\/uploads\/2024\/01\/Office-Phase-3-Sam-Roi-Yot-White-Beach-Villas-Developement-Property-2.jpg\" data-elementor-open-lightbox=\"yes\" data-elementor-lightbox-slideshow=\"8c7545e\" data-elementor-lightbox-title=\"Office Phase 3 Sam Roi Yot White Beach Villas Developement Property 2\" data-e-action-hash=\"#elementor-action%3Aaction%3Dlightbox%26settings%3DeyJpZCI6MTAwMywidXJsIjoiaHR0cHM6XC9cL3d3dy53aGl0ZS1iZWFjaC12aWxsYXMuY29tXC93cC1jb250ZW50XC91cGxvYWRzXC8yMDI0XC8wMVwvT2ZmaWNlLVBoYXNlLTMtU2FtLVJvaS1Zb3QtV2hpdGUtQmVhY2gtVmlsbGFzLURldmVsb3BlbWVudC1Qcm9wZXJ0eS0yLmpwZyIsInNsaWRlc2hvdyI6IjhjNzU0NWUifQ%3D%3D\">\n\t\t\t\t\t<div class=\"e-gallery-image elementor-gallery-item__image\" data-thumbnail=\"https:\/\/www.white-beach-villas.com\/wp-content\/uploads\/2024\/01\/Office-Phase-3-Sam-Roi-Yot-White-Beach-Villas-Developement-Property-2.jpg\" data-width=\"1200\" data-height=\"900\" aria-label=\"\" role=\"img\" ><\/div>\n\t\t\t\t\t\t\t\t\t\t\t<div class=\"elementor-gallery-item__overlay\"><\/div>\n\t\t\t\t\t\t\t\t\t\t\t\t\t\t<\/a>\n\t\t\t\t\t\t\t<a class=\"e-gallery-item elementor-gallery-item elementor-animated-content\" href=\"https:\/\/www.white-beach-villas.com\/wp-content\/uploads\/2024\/03\/fe781514-1d99-4f06-b320-2664a2e6246c.jpeg\" data-elementor-open-lightbox=\"yes\" data-elementor-lightbox-slideshow=\"8c7545e\" data-elementor-lightbox-title=\"fe781514-1d99-4f06-b320-2664a2e6246c\" data-e-action-hash=\"#elementor-action%3Aaction%3Dlightbox%26settings%3DeyJpZCI6MjI0MiwidXJsIjoiaHR0cHM6XC9cL3d3dy53aGl0ZS1iZWFjaC12aWxsYXMuY29tXC93cC1jb250ZW50XC91cGxvYWRzXC8yMDI0XC8wM1wvZmU3ODE1MTQtMWQ5OS00ZjA2LWIzMjAtMjY2NGEyZTYyNDZjLmpwZWciLCJzbGlkZXNob3ciOiI4Yzc1NDVlIn0%3D\">\n\t\t\t\t\t<div class=\"e-gallery-image elementor-gallery-item__image\" data-thumbnail=\"https:\/\/www.white-beach-villas.com\/wp-content\/uploads\/2024\/03\/fe781514-1d99-4f06-b320-2664a2e6246c.jpeg\" data-width=\"2048\" data-height=\"1152\" aria-label=\"\" role=\"img\" ><\/div>\n\t\t\t\t\t\t\t\t\t\t\t<div class=\"elementor-gallery-item__overlay\"><\/div>\n\t\t\t\t\t\t\t\t\t\t\t\t\t\t<\/a>\n\t\t\t\t\t\t\t<a class=\"e-gallery-item elementor-gallery-item elementor-animated-content\" href=\"https:\/\/www.white-beach-villas.com\/wp-content\/uploads\/2024\/01\/Office-Phase-3-Sam-Roi-Yot-White-Beach-Villas-Developement-Property-3.jpg\" data-elementor-open-lightbox=\"yes\" data-elementor-lightbox-slideshow=\"8c7545e\" data-elementor-lightbox-title=\"Office Phase 3 Sam Roi Yot White Beach Villas Developement Property 3\" data-e-action-hash=\"#elementor-action%3Aaction%3Dlightbox%26settings%3DeyJpZCI6MTAwNCwidXJsIjoiaHR0cHM6XC9cL3d3dy53aGl0ZS1iZWFjaC12aWxsYXMuY29tXC93cC1jb250ZW50XC91cGxvYWRzXC8yMDI0XC8wMVwvT2ZmaWNlLVBoYXNlLTMtU2FtLVJvaS1Zb3QtV2hpdGUtQmVhY2gtVmlsbGFzLURldmVsb3BlbWVudC1Qcm9wZXJ0eS0zLmpwZyIsInNsaWRlc2hvdyI6IjhjNzU0NWUifQ%3D%3D\">\n\t\t\t\t\t<div class=\"e-gallery-image elementor-gallery-item__image\" data-thumbnail=\"https:\/\/www.white-beach-villas.com\/wp-content\/uploads\/2024\/01\/Office-Phase-3-Sam-Roi-Yot-White-Beach-Villas-Developement-Property-3.jpg\" data-width=\"1200\" data-height=\"900\" aria-label=\"\" role=\"img\" ><\/div>\n\t\t\t\t\t\t\t\t\t\t\t<div class=\"elementor-gallery-item__overlay\"><\/div>\n\t\t\t\t\t\t\t\t\t\t\t\t\t\t<\/a>\n\t\t\t\t\t\t\t<a class=\"e-gallery-item elementor-gallery-item elementor-animated-content\" href=\"https:\/\/www.white-beach-villas.com\/wp-content\/uploads\/2024\/03\/bea57cc4-5359-4d1e-8271-1770cd9678dc.jpeg\" data-elementor-open-lightbox=\"yes\" data-elementor-lightbox-slideshow=\"8c7545e\" data-elementor-lightbox-title=\"bea57cc4-5359-4d1e-8271-1770cd9678dc\" data-e-action-hash=\"#elementor-action%3Aaction%3Dlightbox%26settings%3DeyJpZCI6MjIzOCwidXJsIjoiaHR0cHM6XC9cL3d3dy53aGl0ZS1iZWFjaC12aWxsYXMuY29tXC93cC1jb250ZW50XC91cGxvYWRzXC8yMDI0XC8wM1wvYmVhNTdjYzQtNTM1OS00ZDFlLTgyNzEtMTc3MGNkOTY3OGRjLmpwZWciLCJzbGlkZXNob3ciOiI4Yzc1NDVlIn0%3D\">\n\t\t\t\t\t<div class=\"e-gallery-image elementor-gallery-item__image\" data-thumbnail=\"https:\/\/www.white-beach-villas.com\/wp-content\/uploads\/2024\/03\/bea57cc4-5359-4d1e-8271-1770cd9678dc.jpeg\" data-width=\"2048\" data-height=\"1152\" aria-label=\"\" role=\"img\" ><\/div>\n\t\t\t\t\t\t\t\t\t\t\t<div class=\"elementor-gallery-item__overlay\"><\/div>\n\t\t\t\t\t\t\t\t\t\t\t\t\t\t<\/a>\n\t\t\t\t\t\t\t<a class=\"e-gallery-item elementor-gallery-item elementor-animated-content\" href=\"https:\/\/www.white-beach-villas.com\/wp-content\/uploads\/2024\/01\/Office-Phase-3-Sam-Roi-Yot-White-Beach-Villas-Developement-Property-4.jpg\" data-elementor-open-lightbox=\"yes\" data-elementor-lightbox-slideshow=\"8c7545e\" data-elementor-lightbox-title=\"Office Phase 3 Sam Roi Yot White Beach Villas Developement Property 4\" data-e-action-hash=\"#elementor-action%3Aaction%3Dlightbox%26settings%3DeyJpZCI6MTAwNSwidXJsIjoiaHR0cHM6XC9cL3d3dy53aGl0ZS1iZWFjaC12aWxsYXMuY29tXC93cC1jb250ZW50XC91cGxvYWRzXC8yMDI0XC8wMVwvT2ZmaWNlLVBoYXNlLTMtU2FtLVJvaS1Zb3QtV2hpdGUtQmVhY2gtVmlsbGFzLURldmVsb3BlbWVudC1Qcm9wZXJ0eS00LmpwZyIsInNsaWRlc2hvdyI6IjhjNzU0NWUifQ%3D%3D\">\n\t\t\t\t\t<div class=\"e-gallery-image elementor-gallery-item__image\" data-thumbnail=\"https:\/\/www.white-beach-villas.com\/wp-content\/uploads\/2024\/01\/Office-Phase-3-Sam-Roi-Yot-White-Beach-Villas-Developement-Property-4.jpg\" data-width=\"1200\" data-height=\"900\" aria-label=\"\" role=\"img\" ><\/div>\n\t\t\t\t\t\t\t\t\t\t\t<div class=\"elementor-gallery-item__overlay\"><\/div>\n\t\t\t\t\t\t\t\t\t\t\t\t\t\t<\/a>\n\t\t\t\t\t<\/div>\n\t\t\t<\/div>\n\t\t\t\t<\/div>\n\t\t\t\t<\/div>\n\t\t\t\t<\/div>\n\t\t\t\t<\/div>\n\t\t","protected":false},"excerpt":{"rendered":"<p>Phase III Enth\u00fcllung der neuesten Phase von Luxuswohnungen! White Beach Villas freut sich, Phase 3 ank\u00fcndigen zu k\u00f6nnen, die Sam Roi Yot, Thailand, ein neues Niveau des Luxuslebens bringt. Da die Bauarbeiten bereits im Gange sind, hier ein kleiner Einblick: Phase 3 B\u00fcro: Unser Zentrum f\u00fcr alles, was mit Phase 3 zu tun hat &#8211; [&hellip;]<\/p>\n","protected":false},"author":1,"featured_media":0,"parent":0,"menu_order":0,"comment_status":"closed","ping_status":"closed","template":"","meta":{"_uf_show_specific_survey":0,"_uf_disable_surveys":false,"footnotes":""},"class_list":["post-1973","page","type-page","status-publish","hentry"],"yoast_head":"<!-- This site is optimized with the Yoast SEO plugin v22.2 - https:\/\/yoast.com\/wordpress\/plugins\/seo\/ -->\n<title>Phase 3 - White Beach Villas<\/title>\n<meta name=\"description\" content=\"Phase 3 unserer Immobilienentwicklung hat begonnen. Werfen Sie einen Blick auf den Masterplan und die Preisliste, um Ihr neues Zuhause zu finden!\" \/>\n<meta name=\"robots\" content=\"noindex, follow, max-snippet:-1, max-image-preview:large, max-video-preview:-1\" \/>\n<meta property=\"og:locale\" content=\"de_DE\" \/>\n<meta property=\"og:type\" content=\"article\" \/>\n<meta property=\"og:title\" content=\"Phase 3 - White Beach Villas\" \/>\n<meta property=\"og:description\" content=\"Phase 3 unserer Immobilienentwicklung hat begonnen. Werfen Sie einen Blick auf den Masterplan und die Preisliste, um Ihr neues Zuhause zu finden!\" \/>\n<meta property=\"og:url\" content=\"https:\/\/www.white-beach-villas.com\/de\/phase-3\/\" \/>\n<meta property=\"og:site_name\" content=\"White Beach Villas\" \/>\n<meta property=\"article:publisher\" content=\"https:\/\/www.facebook.com\/whitebeachvillas\" \/>\n<meta property=\"article:modified_time\" content=\"2024-04-05T12:29:24+00:00\" \/>\n<meta name=\"twitter:card\" content=\"summary_large_image\" \/>\n<meta name=\"twitter:label1\" content=\"Gesch\u00e4tzte Lesezeit\" \/>\n\t<meta name=\"twitter:data1\" content=\"1\u00a0Minute\" \/>\n<script type=\"application\/ld+json\" class=\"yoast-schema-graph\">{\"@context\":\"https:\/\/schema.org\",\"@graph\":[{\"@type\":\"WebPage\",\"@id\":\"https:\/\/www.white-beach-villas.com\/de\/phase-3\/\",\"url\":\"https:\/\/www.white-beach-villas.com\/de\/phase-3\/\",\"name\":\"Phase 3 - White Beach Villas\",\"isPartOf\":{\"@id\":\"https:\/\/www.white-beach-villas.com\/de\/#website\"},\"datePublished\":\"2024-01-08T14:16:47+00:00\",\"dateModified\":\"2024-04-05T12:29:24+00:00\",\"description\":\"Phase 3 unserer Immobilienentwicklung hat begonnen. Werfen Sie einen Blick auf den Masterplan und die Preisliste, um Ihr neues Zuhause zu finden!\",\"breadcrumb\":{\"@id\":\"https:\/\/www.white-beach-villas.com\/de\/phase-3\/#breadcrumb\"},\"inLanguage\":\"de\",\"potentialAction\":[{\"@type\":\"ReadAction\",\"target\":[\"https:\/\/www.white-beach-villas.com\/de\/phase-3\/\"]}]},{\"@type\":\"BreadcrumbList\",\"@id\":\"https:\/\/www.white-beach-villas.com\/de\/phase-3\/#breadcrumb\",\"itemListElement\":[{\"@type\":\"ListItem\",\"position\":1,\"name\":\"Home\",\"item\":\"https:\/\/www.white-beach-villas.com\/de\/\"},{\"@type\":\"ListItem\",\"position\":2,\"name\":\"Phase 3\"}]},{\"@type\":\"WebSite\",\"@id\":\"https:\/\/www.white-beach-villas.com\/de\/#website\",\"url\":\"https:\/\/www.white-beach-villas.com\/de\/\",\"name\":\"White Beach Villas\",\"description\":\"\",\"publisher\":{\"@id\":\"https:\/\/www.white-beach-villas.com\/de\/#organization\"},\"potentialAction\":[{\"@type\":\"SearchAction\",\"target\":{\"@type\":\"EntryPoint\",\"urlTemplate\":\"https:\/\/www.white-beach-villas.com\/de\/?s={search_term_string}\"},\"query-input\":\"required name=search_term_string\"}],\"inLanguage\":\"de\"},{\"@type\":\"Organization\",\"@id\":\"https:\/\/www.white-beach-villas.com\/de\/#organization\",\"name\":\"White Beach Villas\",\"url\":\"https:\/\/www.white-beach-villas.com\/de\/\",\"logo\":{\"@type\":\"ImageObject\",\"inLanguage\":\"de\",\"@id\":\"https:\/\/www.white-beach-villas.com\/de\/#\/schema\/logo\/image\/\",\"url\":\"https:\/\/www.white-beach-villas.com\/wp-content\/uploads\/2023\/12\/White-Beach-Villas-Logo.png\",\"contentUrl\":\"https:\/\/www.white-beach-villas.com\/wp-content\/uploads\/2023\/12\/White-Beach-Villas-Logo.png\",\"width\":501,\"height\":117,\"caption\":\"White Beach Villas\"},\"image\":{\"@id\":\"https:\/\/www.white-beach-villas.com\/de\/#\/schema\/logo\/image\/\"},\"sameAs\":[\"https:\/\/www.facebook.com\/whitebeachvillas\"]}]}<\/script>\n<!-- \/ Yoast SEO plugin. -->","yoast_head_json":{"title":"Phase 3 - White Beach Villas","description":"Phase 3 unserer Immobilienentwicklung hat begonnen. Werfen Sie einen Blick auf den Masterplan und die Preisliste, um Ihr neues Zuhause zu finden!","robots":{"index":"noindex","follow":"follow","max-snippet":"max-snippet:-1","max-image-preview":"max-image-preview:large","max-video-preview":"max-video-preview:-1"},"og_locale":"de_DE","og_type":"article","og_title":"Phase 3 - White Beach Villas","og_description":"Phase 3 unserer Immobilienentwicklung hat begonnen. Werfen Sie einen Blick auf den Masterplan und die Preisliste, um Ihr neues Zuhause zu finden!","og_url":"https:\/\/www.white-beach-villas.com\/de\/phase-3\/","og_site_name":"White Beach Villas","article_publisher":"https:\/\/www.facebook.com\/whitebeachvillas","article_modified_time":"2024-04-05T12:29:24+00:00","twitter_card":"summary_large_image","twitter_misc":{"Gesch\u00e4tzte Lesezeit":"1\u00a0Minute"},"schema":{"@context":"https:\/\/schema.org","@graph":[{"@type":"WebPage","@id":"https:\/\/www.white-beach-villas.com\/de\/phase-3\/","url":"https:\/\/www.white-beach-villas.com\/de\/phase-3\/","name":"Phase 3 - White Beach Villas","isPartOf":{"@id":"https:\/\/www.white-beach-villas.com\/de\/#website"},"datePublished":"2024-01-08T14:16:47+00:00","dateModified":"2024-04-05T12:29:24+00:00","description":"Phase 3 unserer Immobilienentwicklung hat begonnen. Werfen Sie einen Blick auf den Masterplan und die Preisliste, um Ihr neues Zuhause zu finden!","breadcrumb":{"@id":"https:\/\/www.white-beach-villas.com\/de\/phase-3\/#breadcrumb"},"inLanguage":"de","potentialAction":[{"@type":"ReadAction","target":["https:\/\/www.white-beach-villas.com\/de\/phase-3\/"]}]},{"@type":"BreadcrumbList","@id":"https:\/\/www.white-beach-villas.com\/de\/phase-3\/#breadcrumb","itemListElement":[{"@type":"ListItem","position":1,"name":"Home","item":"https:\/\/www.white-beach-villas.com\/de\/"},{"@type":"ListItem","position":2,"name":"Phase 3"}]},{"@type":"WebSite","@id":"https:\/\/www.white-beach-villas.com\/de\/#website","url":"https:\/\/www.white-beach-villas.com\/de\/","name":"White Beach Villas","description":"","publisher":{"@id":"https:\/\/www.white-beach-villas.com\/de\/#organization"},"potentialAction":[{"@type":"SearchAction","target":{"@type":"EntryPoint","urlTemplate":"https:\/\/www.white-beach-villas.com\/de\/?s={search_term_string}"},"query-input":"required name=search_term_string"}],"inLanguage":"de"},{"@type":"Organization","@id":"https:\/\/www.white-beach-villas.com\/de\/#organization","name":"White Beach Villas","url":"https:\/\/www.white-beach-villas.com\/de\/","logo":{"@type":"ImageObject","inLanguage":"de","@id":"https:\/\/www.white-beach-villas.com\/de\/#\/schema\/logo\/image\/","url":"https:\/\/www.white-beach-villas.com\/wp-content\/uploads\/2023\/12\/White-Beach-Villas-Logo.png","contentUrl":"https:\/\/www.white-beach-villas.com\/wp-content\/uploads\/2023\/12\/White-Beach-Villas-Logo.png","width":501,"height":117,"caption":"White Beach Villas"},"image":{"@id":"https:\/\/www.white-beach-villas.com\/de\/#\/schema\/logo\/image\/"},"sameAs":["https:\/\/www.facebook.com\/whitebeachvillas"]}]}},"_links":{"self":[{"href":"https:\/\/www.white-beach-villas.com\/de\/wp-json\/wp\/v2\/pages\/1973","targetHints":{"allow":["GET"]}}],"collection":[{"href":"https:\/\/www.white-beach-villas.com\/de\/wp-json\/wp\/v2\/pages"}],"about":[{"href":"https:\/\/www.white-beach-villas.com\/de\/wp-json\/wp\/v2\/types\/page"}],"author":[{"embeddable":true,"href":"https:\/\/www.white-beach-villas.com\/de\/wp-json\/wp\/v2\/users\/1"}],"replies":[{"embeddable":true,"href":"https:\/\/www.white-beach-villas.com\/de\/wp-json\/wp\/v2\/comments?post=1973"}],"version-history":[{"count":2,"href":"https:\/\/www.white-beach-villas.com\/de\/wp-json\/wp\/v2\/pages\/1973\/revisions"}],"predecessor-version":[{"id":2344,"href":"https:\/\/www.white-beach-villas.com\/de\/wp-json\/wp\/v2\/pages\/1973\/revisions\/2344"}],"wp:attachment":[{"href":"https:\/\/www.white-beach-villas.com\/de\/wp-json\/wp\/v2\/media?parent=1973"}],"curies":[{"name":"wp","href":"https:\/\/api.w.org\/{rel}","templated":true}]}}