{"id":1953,"date":"2024-01-11T10:56:26","date_gmt":"2024-01-11T10:56:26","guid":{"rendered":"https:\/\/www.white-beach-villas.com\/blog\/"},"modified":"2024-04-04T09:00:18","modified_gmt":"2024-04-04T08:00:18","slug":"blog","status":"publish","type":"page","link":"https:\/\/www.white-beach-villas.com\/fr\/blog\/","title":{"rendered":"Blog"},"content":{"rendered":"\t\t<div data-elementor-type=\"wp-page\" data-elementor-id=\"1953\" class=\"elementor elementor-1953 elementor-1118\" data-elementor-post-type=\"page\">\n\t\t\t\t<div class=\"elementor-element elementor-element-2e1079f6 e-con-full e-flex e-con e-parent\" data-id=\"2e1079f6\" data-element_type=\"container\" data-settings=\"{&quot;background_background&quot;:&quot;classic&quot;}\">\n\t\t\t\t<div class=\"elementor-element elementor-element-f7d2ee5 elementor-widget elementor-widget-spacer\" data-id=\"f7d2ee5\" data-element_type=\"widget\" data-widget_type=\"spacer.default\">\n\t\t\t\t<div class=\"elementor-widget-container\">\n\t\t\t\t\t<div class=\"elementor-spacer\">\n\t\t\t<div class=\"elementor-spacer-inner\"><\/div>\n\t\t<\/div>\n\t\t\t\t<\/div>\n\t\t\t\t<\/div>\n\t\t\t\t<div class=\"elementor-element elementor-element-3a042a63 elementor-invisible elementor-widget elementor-widget-heading\" data-id=\"3a042a63\" data-element_type=\"widget\" data-settings=\"{&quot;_animation&quot;:&quot;fadeIn&quot;}\" data-widget_type=\"heading.default\">\n\t\t\t\t<div class=\"elementor-widget-container\">\n\t\t\t<h1 class=\"elementor-heading-title elementor-size-default\">Blog et nouvelles<\/h1>\t\t<\/div>\n\t\t\t\t<\/div>\n\t\t\t\t<div class=\"elementor-element elementor-element-471f4050 elementor-widget-divider--view-line elementor-invisible elementor-widget elementor-widget-divider\" data-id=\"471f4050\" data-element_type=\"widget\" data-settings=\"{&quot;_animation&quot;:&quot;fadeIn&quot;,&quot;_animation_delay&quot;:&quot;200&quot;}\" data-widget_type=\"divider.default\">\n\t\t\t\t<div class=\"elementor-widget-container\">\n\t\t\t\t\t<div class=\"elementor-divider\">\n\t\t\t<span class=\"elementor-divider-separator\">\n\t\t\t\t\t\t<\/span>\n\t\t<\/div>\n\t\t\t\t<\/div>\n\t\t\t\t<\/div>\n\t\t\t\t<div class=\"elementor-element elementor-element-60c26548 elementor-hidden-mobile elementor-widget elementor-widget-text-editor\" data-id=\"60c26548\" data-element_type=\"widget\" data-widget_type=\"text-editor.default\">\n\t\t\t\t<div class=\"elementor-widget-container\">\n\t\t\t\t\t\t\t<p>Nous continuons \u00e0 travailler au d\u00e9veloppement de White Beach Villas et nous aimons partager nos progr\u00e8s et nos id\u00e9es avec vous. Nous vous tiendrons au courant ici !<\/p>\n\t\t\t\t\t\t<\/div>\n\t\t\t\t<\/div>\n\t\t\t\t<div class=\"elementor-element elementor-element-c188b29 elementor-widget elementor-widget-spacer\" data-id=\"c188b29\" data-element_type=\"widget\" data-widget_type=\"spacer.default\">\n\t\t\t\t<div class=\"elementor-widget-container\">\n\t\t\t\t\t<div class=\"elementor-spacer\">\n\t\t\t<div class=\"elementor-spacer-inner\"><\/div>\n\t\t<\/div>\n\t\t\t\t<\/div>\n\t\t\t\t<\/div>\n\t\t\t\t<\/div>\n\t\t<div class=\"elementor-element elementor-element-8c94a38 elementor-hidden-desktop elementor-hidden-tablet e-flex e-con-boxed e-con e-parent\" data-id=\"8c94a38\" data-element_type=\"container\">\n\t\t\t\t\t<div class=\"e-con-inner\">\n\t\t\t\t<div class=\"elementor-element elementor-element-f53d2dc elementor-widget elementor-widget-text-editor\" data-id=\"f53d2dc\" data-element_type=\"widget\" data-widget_type=\"text-editor.default\">\n\t\t\t\t<div class=\"elementor-widget-container\">\n\t\t\t\t\t\t\t<p>Nous continuons \u00e0 travailler au d\u00e9veloppement de White Beach Villas et nous aimons partager nos progr\u00e8s et nos id\u00e9es avec vous. Nous vous tiendrons au courant ici !<\/p>\n\t\t\t\t\t\t<\/div>\n\t\t\t\t<\/div>\n\t\t\t\t\t<\/div>\n\t\t\t\t<\/div>\n\t\t<div class=\"elementor-element elementor-element-c195aff e-flex e-con-boxed e-con e-parent\" data-id=\"c195aff\" data-element_type=\"container\">\n\t\t\t\t\t<div class=\"e-con-inner\">\n\t\t\t\t\t<\/div>\n\t\t\t\t<\/div>\n\t\t\t\t<\/div>\n\t\t","protected":false},"excerpt":{"rendered":"<p>Blog et nouvelles Nous continuons \u00e0 travailler au d\u00e9veloppement de White Beach Villas et nous aimons partager nos progr\u00e8s et nos id\u00e9es avec vous. Nous vous tiendrons au courant ici ! Nous continuons \u00e0 travailler au d\u00e9veloppement de White Beach Villas et nous aimons partager nos progr\u00e8s et nos id\u00e9es avec vous. Nous vous tiendrons [&hellip;]<\/p>\n","protected":false},"author":1,"featured_media":0,"parent":0,"menu_order":0,"comment_status":"closed","ping_status":"closed","template":"","meta":{"_uf_show_specific_survey":0,"_uf_disable_surveys":false,"footnotes":""},"class_list":["post-1953","page","type-page","status-publish","hentry"],"yoast_head":"<!-- This site is optimized with the Yoast SEO plugin v22.2 - https:\/\/yoast.com\/wordpress\/plugins\/seo\/ -->\n<title>Blog - White Beach Villas<\/title>\n<meta name=\"description\" content=\"Tenez-vous au courant des derniers d\u00e9veloppements \u00e0 White Beach Villas, d\u00e9veloppement immobilier \u00e0 Sam Roi Yot, Tha\u00eflande.\" \/>\n<meta name=\"robots\" content=\"noindex, follow, max-snippet:-1, max-image-preview:large, max-video-preview:-1\" \/>\n<meta property=\"og:locale\" content=\"fr_FR\" \/>\n<meta property=\"og:type\" content=\"article\" \/>\n<meta property=\"og:title\" content=\"Blog - White Beach Villas\" \/>\n<meta property=\"og:description\" content=\"Tenez-vous au courant des derniers d\u00e9veloppements \u00e0 White Beach Villas, d\u00e9veloppement immobilier \u00e0 Sam Roi Yot, Tha\u00eflande.\" \/>\n<meta property=\"og:url\" content=\"https:\/\/www.white-beach-villas.com\/fr\/blog\/\" \/>\n<meta property=\"og:site_name\" content=\"White Beach Villas\" \/>\n<meta property=\"article:publisher\" content=\"https:\/\/www.facebook.com\/whitebeachvillas\" \/>\n<meta property=\"article:modified_time\" content=\"2024-04-04T08:00:18+00:00\" \/>\n<meta name=\"twitter:card\" content=\"summary_large_image\" \/>\n<script type=\"application\/ld+json\" class=\"yoast-schema-graph\">{\"@context\":\"https:\/\/schema.org\",\"@graph\":[{\"@type\":\"WebPage\",\"@id\":\"https:\/\/www.white-beach-villas.com\/fr\/blog\/\",\"url\":\"https:\/\/www.white-beach-villas.com\/fr\/blog\/\",\"name\":\"Blog - White Beach Villas\",\"isPartOf\":{\"@id\":\"https:\/\/www.white-beach-villas.com\/fr\/#website\"},\"datePublished\":\"2024-01-11T10:56:26+00:00\",\"dateModified\":\"2024-04-04T08:00:18+00:00\",\"description\":\"Tenez-vous au courant des derniers d\u00e9veloppements \u00e0 White Beach Villas, d\u00e9veloppement immobilier \u00e0 Sam Roi Yot, Tha\u00eflande.\",\"breadcrumb\":{\"@id\":\"https:\/\/www.white-beach-villas.com\/fr\/blog\/#breadcrumb\"},\"inLanguage\":\"fr-FR\",\"potentialAction\":[{\"@type\":\"ReadAction\",\"target\":[\"https:\/\/www.white-beach-villas.com\/fr\/blog\/\"]}]},{\"@type\":\"BreadcrumbList\",\"@id\":\"https:\/\/www.white-beach-villas.com\/fr\/blog\/#breadcrumb\",\"itemListElement\":[{\"@type\":\"ListItem\",\"position\":1,\"name\":\"Home\",\"item\":\"https:\/\/www.white-beach-villas.com\/fr\/accueil\/\"},{\"@type\":\"ListItem\",\"position\":2,\"name\":\"Blog\"}]},{\"@type\":\"WebSite\",\"@id\":\"https:\/\/www.white-beach-villas.com\/fr\/#website\",\"url\":\"https:\/\/www.white-beach-villas.com\/fr\/\",\"name\":\"White Beach Villas\",\"description\":\"\",\"publisher\":{\"@id\":\"https:\/\/www.white-beach-villas.com\/fr\/#organization\"},\"potentialAction\":[{\"@type\":\"SearchAction\",\"target\":{\"@type\":\"EntryPoint\",\"urlTemplate\":\"https:\/\/www.white-beach-villas.com\/fr\/?s={search_term_string}\"},\"query-input\":\"required name=search_term_string\"}],\"inLanguage\":\"fr-FR\"},{\"@type\":\"Organization\",\"@id\":\"https:\/\/www.white-beach-villas.com\/fr\/#organization\",\"name\":\"White Beach Villas\",\"url\":\"https:\/\/www.white-beach-villas.com\/fr\/\",\"logo\":{\"@type\":\"ImageObject\",\"inLanguage\":\"fr-FR\",\"@id\":\"https:\/\/www.white-beach-villas.com\/fr\/#\/schema\/logo\/image\/\",\"url\":\"https:\/\/www.white-beach-villas.com\/wp-content\/uploads\/2023\/12\/White-Beach-Villas-Logo.png\",\"contentUrl\":\"https:\/\/www.white-beach-villas.com\/wp-content\/uploads\/2023\/12\/White-Beach-Villas-Logo.png\",\"width\":501,\"height\":117,\"caption\":\"White Beach Villas\"},\"image\":{\"@id\":\"https:\/\/www.white-beach-villas.com\/fr\/#\/schema\/logo\/image\/\"},\"sameAs\":[\"https:\/\/www.facebook.com\/whitebeachvillas\"]}]}<\/script>\n<!-- \/ Yoast SEO plugin. -->","yoast_head_json":{"title":"Blog - White Beach Villas","description":"Tenez-vous au courant des derniers d\u00e9veloppements \u00e0 White Beach Villas, d\u00e9veloppement immobilier \u00e0 Sam Roi Yot, Tha\u00eflande.","robots":{"index":"noindex","follow":"follow","max-snippet":"max-snippet:-1","max-image-preview":"max-image-preview:large","max-video-preview":"max-video-preview:-1"},"og_locale":"fr_FR","og_type":"article","og_title":"Blog - White Beach Villas","og_description":"Tenez-vous au courant des derniers d\u00e9veloppements \u00e0 White Beach Villas, d\u00e9veloppement immobilier \u00e0 Sam Roi Yot, Tha\u00eflande.","og_url":"https:\/\/www.white-beach-villas.com\/fr\/blog\/","og_site_name":"White Beach Villas","article_publisher":"https:\/\/www.facebook.com\/whitebeachvillas","article_modified_time":"2024-04-04T08:00:18+00:00","twitter_card":"summary_large_image","schema":{"@context":"https:\/\/schema.org","@graph":[{"@type":"WebPage","@id":"https:\/\/www.white-beach-villas.com\/fr\/blog\/","url":"https:\/\/www.white-beach-villas.com\/fr\/blog\/","name":"Blog - White Beach Villas","isPartOf":{"@id":"https:\/\/www.white-beach-villas.com\/fr\/#website"},"datePublished":"2024-01-11T10:56:26+00:00","dateModified":"2024-04-04T08:00:18+00:00","description":"Tenez-vous au courant des derniers d\u00e9veloppements \u00e0 White Beach Villas, d\u00e9veloppement immobilier \u00e0 Sam Roi Yot, Tha\u00eflande.","breadcrumb":{"@id":"https:\/\/www.white-beach-villas.com\/fr\/blog\/#breadcrumb"},"inLanguage":"fr-FR","potentialAction":[{"@type":"ReadAction","target":["https:\/\/www.white-beach-villas.com\/fr\/blog\/"]}]},{"@type":"BreadcrumbList","@id":"https:\/\/www.white-beach-villas.com\/fr\/blog\/#breadcrumb","itemListElement":[{"@type":"ListItem","position":1,"name":"Home","item":"https:\/\/www.white-beach-villas.com\/fr\/accueil\/"},{"@type":"ListItem","position":2,"name":"Blog"}]},{"@type":"WebSite","@id":"https:\/\/www.white-beach-villas.com\/fr\/#website","url":"https:\/\/www.white-beach-villas.com\/fr\/","name":"White Beach Villas","description":"","publisher":{"@id":"https:\/\/www.white-beach-villas.com\/fr\/#organization"},"potentialAction":[{"@type":"SearchAction","target":{"@type":"EntryPoint","urlTemplate":"https:\/\/www.white-beach-villas.com\/fr\/?s={search_term_string}"},"query-input":"required name=search_term_string"}],"inLanguage":"fr-FR"},{"@type":"Organization","@id":"https:\/\/www.white-beach-villas.com\/fr\/#organization","name":"White Beach Villas","url":"https:\/\/www.white-beach-villas.com\/fr\/","logo":{"@type":"ImageObject","inLanguage":"fr-FR","@id":"https:\/\/www.white-beach-villas.com\/fr\/#\/schema\/logo\/image\/","url":"https:\/\/www.white-beach-villas.com\/wp-content\/uploads\/2023\/12\/White-Beach-Villas-Logo.png","contentUrl":"https:\/\/www.white-beach-villas.com\/wp-content\/uploads\/2023\/12\/White-Beach-Villas-Logo.png","width":501,"height":117,"caption":"White Beach Villas"},"image":{"@id":"https:\/\/www.white-beach-villas.com\/fr\/#\/schema\/logo\/image\/"},"sameAs":["https:\/\/www.facebook.com\/whitebeachvillas"]}]}},"_links":{"self":[{"href":"https:\/\/www.white-beach-villas.com\/fr\/wp-json\/wp\/v2\/pages\/1953","targetHints":{"allow":["GET"]}}],"collection":[{"href":"https:\/\/www.white-beach-villas.com\/fr\/wp-json\/wp\/v2\/pages"}],"about":[{"href":"https:\/\/www.white-beach-villas.com\/fr\/wp-json\/wp\/v2\/types\/page"}],"author":[{"embeddable":true,"href":"https:\/\/www.white-beach-villas.com\/fr\/wp-json\/wp\/v2\/users\/1"}],"replies":[{"embeddable":true,"href":"https:\/\/www.white-beach-villas.com\/fr\/wp-json\/wp\/v2\/comments?post=1953"}],"version-history":[{"count":1,"href":"https:\/\/www.white-beach-villas.com\/fr\/wp-json\/wp\/v2\/pages\/1953\/revisions"}],"predecessor-version":[{"id":1954,"href":"https:\/\/www.white-beach-villas.com\/fr\/wp-json\/wp\/v2\/pages\/1953\/revisions\/1954"}],"wp:attachment":[{"href":"https:\/\/www.white-beach-villas.com\/fr\/wp-json\/wp\/v2\/media?parent=1953"}],"curies":[{"name":"wp","href":"https:\/\/api.w.org\/{rel}","templated":true}]}}